{"id":2229,"date":"2023-05-24T22:22:04","date_gmt":"2023-05-24T21:22:04","guid":{"rendered":"https:\/\/deglazentoren.be\/particulieren\/cheque-cadeau\/"},"modified":"2025-02-28T12:11:19","modified_gmt":"2025-02-28T11:11:19","slug":"cheque-cadeau","status":"publish","type":"page","link":"https:\/\/deglazentoren.be\/particulieren\/cheque-cadeau\/","title":{"rendered":"Ch\u00e8que-cadeau"},"content":{"rendered":"\n<h1>\n\t\tOffrir un brunch en cadeau ?\n\t<\/h1>\n\tVous avez envie de faire plaisir \u00e0 quelqu&#8217;un en lui offrant un moment agr\u00e9able et d\u00e9licieux ?<br \/>\nOffrez un ch\u00e8que-cadeau pour un brunch au choix \u00e0 Ter Heyde.\n<p>&nbsp;<\/p>\n\t\t\t\t<img loading=\"lazy\" decoding=\"async\" src=\"https:\/\/deglazentoren.be\/particulieren\/wp-content\/uploads\/sites\/3\/2023\/12\/Cadeaubon-ter-heyde.jpg\" alt=\"Cadeaubon-ter-heyde\" itemprop=\"image\" height=\"1001\" width=\"1500\" title=\"Cadeaubon-ter-heyde\" onerror=\"this.style.display='none'\"  \/>\n\t\t\t\t<img loading=\"lazy\" decoding=\"async\" src=\"https:\/\/deglazentoren.be\/particulieren\/wp-content\/uploads\/sites\/3\/2023\/12\/Cadeaubon-ter-heyde-2.jpg\" alt=\"Cadeaubon-ter-heyde-2\" itemprop=\"image\" height=\"1500\" width=\"1001\" title=\"Cadeaubon-ter-heyde-2\" onerror=\"this.style.display='none'\"  \/>\n\t<h3>Ch\u00e8que-cadeau brunch pour 1 personne<\/h3>\n<p>Bon d&#8217;une valeur de 46 \u20ac, valable pour 1 brunch pour 1 personne. \u00c9changeable contre un brunch \u00e0 Feestzaal Ter Heyde (tous les premiers dimanches du mois).<\/p>\n<ul>\n<li>Valable 1 an apr\u00e8s l&#8217;achat.<\/li>\n<li>Vous pouvez consulter les conditions g\u00e9n\u00e9rales <strong><a href=\"https:\/\/deglazentoren.be\/particulieren\/fr\/conditions-generales\/\" target=\"_blank\" rel=\"noopener\">ici<\/a><\/strong>.<\/li>\n<li>Apr\u00e8s l&#8217;achat, vous recevrez un lien qui vous permettra de t\u00e9l\u00e9charger le bon ou de le retirer dans notre salle de r\u00e9ception.<\/li>\n<\/ul>\n\t\t\t<a href=\"#commander\" target=\"_self\">\n\t\t\t\t\t\t\tCommander\n\t\t\t<\/a>\n\t<h3>Ch\u00e8que-cadeau brunch pour 2 personnes<\/h3>\n<p>Bon d&#8217;une valeur de 92 \u20ac, valable pour 1 brunch pour 2 personnes. \u00c9changeable contre un brunch \u00e0 Feestzaal Ter Heyde (tous les premiers dimanches du mois).<\/p>\n<ul>\n<li>Valable 1 an apr\u00e8s l&#8217;achat.<\/li>\n<li>Vous pouvez consulter les conditions g\u00e9n\u00e9rales <a href=\"https:\/\/deglazentoren.be\/particulieren\/fr\/conditions-generales\/\" target=\"_blank\" rel=\"noopener\"><strong>ici<\/strong><\/a>.<\/li>\n<li>Apr\u00e8s l&#8217;achat, vous recevrez un lien qui vous permettra de t\u00e9l\u00e9charger le bon ou de le retirer dans notre salle de r\u00e9ception.<\/li>\n<\/ul>\n\t\t\t<a href=\"#commander\" target=\"_self\">\n\t\t\t\t\t\t\tCommander\n\t\t\t<\/a>\n\t\t\t\t<img loading=\"lazy\" decoding=\"async\" src=\"https:\/\/deglazentoren.be\/particulieren\/wp-content\/uploads\/sites\/3\/2023\/12\/Cadeaubon-ter-heyde-4.jpg\" alt=\"feestzaal-herne-met-catering\" itemprop=\"image\" height=\"1500\" width=\"1001\" title=\"Cadeaubon-ter-heyde-4\" onerror=\"this.style.display='none'\"  \/>\n\t\t\t\t<img loading=\"lazy\" decoding=\"async\" src=\"https:\/\/deglazentoren.be\/particulieren\/wp-content\/uploads\/sites\/3\/2023\/12\/Cadeaubon-ter-heyde-3.jpg\" alt=\"Cadeaubon-ter-heyde-3\" itemprop=\"image\" height=\"1001\" width=\"1500\" title=\"Cadeaubon-ter-heyde-3\" onerror=\"this.style.display='none'\"  \/>\n\t<h2>Commandez votre ch\u00e8que-cadeau<\/h2>\n\n","protected":false},"excerpt":{"rendered":"<p>Offrir un brunch en cadeau ? Vous avez envie de faire plaisir \u00e0 quelqu&#8217;un en lui offrant un moment agr\u00e9able et d\u00e9licieux ? Offrez un ch\u00e8que-cadeau pour un brunch au choix \u00e0 Ter Heyde. &nbsp; Ch\u00e8que-cadeau brunch pour 1 personne Bon d&#8217;une valeur de 46 \u20ac, valable pour 1 brunch pour 1 personne. \u00c9changeable contre [&hellip;]<\/p>\n","protected":false},"author":1,"featured_media":0,"parent":0,"menu_order":0,"comment_status":"closed","ping_status":"closed","template":"","meta":{"site-sidebar-layout":"no-sidebar","site-content-layout":"page-builder","ast-site-content-layout":"full-width-container","site-content-style":"unboxed","site-sidebar-style":"unboxed","ast-global-header-display":"","ast-banner-title-visibility":"","ast-main-header-display":"","ast-hfb-above-header-display":"","ast-hfb-below-header-display":"","ast-hfb-mobile-header-display":"","site-post-title":"disabled","ast-breadcrumbs-content":"","ast-featured-img":"disabled","footer-sml-layout":"","theme-transparent-header-meta":"","adv-header-id-meta":"","stick-header-meta":"","header-above-stick-meta":"","header-main-stick-meta":"","header-below-stick-meta":"","astra-migrate-meta-layouts":"default","ast-page-background-enabled":"default","ast-page-background-meta":{"desktop":{"background-color":"","background-image":"","background-repeat":"repeat","background-position":"center center","background-size":"auto","background-attachment":"scroll","background-type":"","background-media":"","overlay-type":"","overlay-color":"","overlay-opacity":"","overlay-gradient":""},"tablet":{"background-color":"","background-image":"","background-repeat":"repeat","background-position":"center center","background-size":"auto","background-attachment":"scroll","background-type":"","background-media":"","overlay-type":"","overlay-color":"","overlay-opacity":"","overlay-gradient":""},"mobile":{"background-color":"","background-image":"","background-repeat":"repeat","background-position":"center center","background-size":"auto","background-attachment":"scroll","background-type":"","background-media":"","overlay-type":"","overlay-color":"","overlay-opacity":"","overlay-gradient":""}},"ast-content-background-meta":{"desktop":{"background-color":"var(--ast-global-color-5)","background-image":"","background-repeat":"repeat","background-position":"center center","background-size":"auto","background-attachment":"scroll","background-type":"","background-media":"","overlay-type":"","overlay-color":"","overlay-opacity":"","overlay-gradient":""},"tablet":{"background-color":"var(--ast-global-color-5)","background-image":"","background-repeat":"repeat","background-position":"center center","background-size":"auto","background-attachment":"scroll","background-type":"","background-media":"","overlay-type":"","overlay-color":"","overlay-opacity":"","overlay-gradient":""},"mobile":{"background-color":"var(--ast-global-color-5)","background-image":"","background-repeat":"repeat","background-position":"center center","background-size":"auto","background-attachment":"scroll","background-type":"","background-media":"","overlay-type":"","overlay-color":"","overlay-opacity":"","overlay-gradient":""}},"footnotes":""},"class_list":["post-2229","page","type-page","status-publish","hentry"],"yoast_head":"<!-- This site is optimized with the Yoast SEO plugin v26.3 - https:\/\/yoast.com\/wordpress\/plugins\/seo\/ -->\n<title>Ch\u00e8que-cadeau | Ter Heyde \u00e0 Gooik<\/title>\n<meta name=\"description\" content=\"Faites plaisir \u00e0 vos amis et \u00e0 votre famille en offrant un ch\u00e8que-cadeau pour un brunch \u00e0 Ter Heyde. Cliquez ici et commandez-le facilement en ligne.\" \/>\n<meta name=\"robots\" content=\"index, follow, max-snippet:-1, max-image-preview:large, max-video-preview:-1\" \/>\n<link rel=\"canonical\" href=\"https:\/\/deglazentoren.be\/particulieren\/fr\/cheque-cadeau\/\" \/>\n<meta property=\"og:locale\" content=\"nl_NL\" \/>\n<meta property=\"og:type\" content=\"article\" \/>\n<meta property=\"og:title\" content=\"Ch\u00e8que-cadeau | Ter Heyde \u00e0 Gooik\" \/>\n<meta property=\"og:description\" content=\"Faites plaisir \u00e0 vos amis et \u00e0 votre famille en offrant un ch\u00e8que-cadeau pour un brunch \u00e0 Ter Heyde. Cliquez ici et commandez-le facilement en ligne.\" \/>\n<meta property=\"og:url\" content=\"https:\/\/deglazentoren.be\/particulieren\/fr\/cheque-cadeau\/\" \/>\n<meta property=\"og:site_name\" content=\"De Glazen Toren Particulieren\" \/>\n<meta property=\"article:publisher\" content=\"https:\/\/www.facebook.com\/people\/Feestzaal-De-Glazen-Toren\/61579829908410\/\" \/>\n<meta property=\"article:modified_time\" content=\"2025-02-28T11:11:19+00:00\" \/>\n<meta property=\"og:image\" content=\"https:\/\/deglazentoren.be\/particulieren\/wp-content\/uploads\/sites\/3\/2023\/12\/Cadeaubon-ter-heyde.jpg\" \/>\n<meta name=\"twitter:card\" content=\"summary_large_image\" \/>\n<meta name=\"twitter:label1\" content=\"Geschatte leestijd\" \/>\n\t<meta name=\"twitter:data1\" content=\"1 minuut\" \/>\n<script type=\"application\/ld+json\" class=\"yoast-schema-graph\">{\"@context\":\"https:\/\/schema.org\",\"@graph\":[{\"@type\":\"WebPage\",\"@id\":\"https:\/\/deglazentoren.be\/particulieren\/fr\/cheque-cadeau\/\",\"url\":\"https:\/\/deglazentoren.be\/particulieren\/fr\/cheque-cadeau\/\",\"name\":\"Ch\u00e8que-cadeau | Ter Heyde \u00e0 Gooik\",\"isPartOf\":{\"@id\":\"https:\/\/deglazentoren.be\/particulieren\/#website\"},\"primaryImageOfPage\":{\"@id\":\"https:\/\/deglazentoren.be\/particulieren\/fr\/cheque-cadeau\/#primaryimage\"},\"image\":{\"@id\":\"https:\/\/deglazentoren.be\/particulieren\/fr\/cheque-cadeau\/#primaryimage\"},\"thumbnailUrl\":\"https:\/\/deglazentoren.be\/particulieren\/wp-content\/uploads\/sites\/3\/2023\/12\/Cadeaubon-ter-heyde.jpg\",\"datePublished\":\"2023-05-24T21:22:04+00:00\",\"dateModified\":\"2025-02-28T11:11:19+00:00\",\"description\":\"Faites plaisir \u00e0 vos amis et \u00e0 votre famille en offrant un ch\u00e8que-cadeau pour un brunch \u00e0 Ter Heyde. Cliquez ici et commandez-le facilement en ligne.\",\"breadcrumb\":{\"@id\":\"https:\/\/deglazentoren.be\/particulieren\/fr\/cheque-cadeau\/#breadcrumb\"},\"inLanguage\":\"nl-NL\",\"potentialAction\":[{\"@type\":\"ReadAction\",\"target\":[\"https:\/\/deglazentoren.be\/particulieren\/fr\/cheque-cadeau\/\"]}]},{\"@type\":\"ImageObject\",\"inLanguage\":\"nl-NL\",\"@id\":\"https:\/\/deglazentoren.be\/particulieren\/fr\/cheque-cadeau\/#primaryimage\",\"url\":\"https:\/\/deglazentoren.be\/particulieren\/wp-content\/uploads\/sites\/3\/2023\/12\/Cadeaubon-ter-heyde.jpg\",\"contentUrl\":\"https:\/\/deglazentoren.be\/particulieren\/wp-content\/uploads\/sites\/3\/2023\/12\/Cadeaubon-ter-heyde.jpg\",\"width\":1500,\"height\":1001},{\"@type\":\"BreadcrumbList\",\"@id\":\"https:\/\/deglazentoren.be\/particulieren\/fr\/cheque-cadeau\/#breadcrumb\",\"itemListElement\":[{\"@type\":\"ListItem\",\"position\":1,\"name\":\"Home\",\"item\":\"https:\/\/deglazentoren.be\/particulieren\/\"},{\"@type\":\"ListItem\",\"position\":2,\"name\":\"Ch\u00e8que-cadeau\"}]},{\"@type\":\"WebSite\",\"@id\":\"https:\/\/deglazentoren.be\/particulieren\/#website\",\"url\":\"https:\/\/deglazentoren.be\/particulieren\/\",\"name\":\"De Glazen Toren Particulieren\",\"description\":\"Een authentieke locatie voor je feest\",\"publisher\":{\"@id\":\"https:\/\/deglazentoren.be\/particulieren\/#organization\"},\"potentialAction\":[{\"@type\":\"SearchAction\",\"target\":{\"@type\":\"EntryPoint\",\"urlTemplate\":\"https:\/\/deglazentoren.be\/particulieren\/?s={search_term_string}\"},\"query-input\":{\"@type\":\"PropertyValueSpecification\",\"valueRequired\":true,\"valueName\":\"search_term_string\"}}],\"inLanguage\":\"nl-NL\"},{\"@type\":\"Organization\",\"@id\":\"https:\/\/deglazentoren.be\/particulieren\/#organization\",\"name\":\"De Glazen Toren\",\"url\":\"https:\/\/deglazentoren.be\/particulieren\/\",\"logo\":{\"@type\":\"ImageObject\",\"inLanguage\":\"nl-NL\",\"@id\":\"https:\/\/deglazentoren.be\/particulieren\/#\/schema\/logo\/image\/\",\"url\":\"https:\/\/deglazentoren.be\/particulieren\/wp-content\/uploads\/sites\/3\/2025\/10\/Logo-De-Glazen-Toren.png\",\"contentUrl\":\"https:\/\/deglazentoren.be\/particulieren\/wp-content\/uploads\/sites\/3\/2025\/10\/Logo-De-Glazen-Toren.png\",\"width\":573,\"height\":426,\"caption\":\"De Glazen Toren\"},\"image\":{\"@id\":\"https:\/\/deglazentoren.be\/particulieren\/#\/schema\/logo\/image\/\"},\"sameAs\":[\"https:\/\/www.facebook.com\/people\/Feestzaal-De-Glazen-Toren\/61579829908410\/\",\"https:\/\/www.instagram.com\/feestzaaldeglazentoren\/\/#\"]}]}<\/script>\n<!-- \/ Yoast SEO plugin. -->","yoast_head_json":{"title":"Ch\u00e8que-cadeau | Ter Heyde \u00e0 Gooik","description":"Faites plaisir \u00e0 vos amis et \u00e0 votre famille en offrant un ch\u00e8que-cadeau pour un brunch \u00e0 Ter Heyde. Cliquez ici et commandez-le facilement en ligne.","robots":{"index":"index","follow":"follow","max-snippet":"max-snippet:-1","max-image-preview":"max-image-preview:large","max-video-preview":"max-video-preview:-1"},"canonical":"https:\/\/deglazentoren.be\/particulieren\/fr\/cheque-cadeau\/","og_locale":"nl_NL","og_type":"article","og_title":"Ch\u00e8que-cadeau | Ter Heyde \u00e0 Gooik","og_description":"Faites plaisir \u00e0 vos amis et \u00e0 votre famille en offrant un ch\u00e8que-cadeau pour un brunch \u00e0 Ter Heyde. Cliquez ici et commandez-le facilement en ligne.","og_url":"https:\/\/deglazentoren.be\/particulieren\/fr\/cheque-cadeau\/","og_site_name":"De Glazen Toren Particulieren","article_publisher":"https:\/\/www.facebook.com\/people\/Feestzaal-De-Glazen-Toren\/61579829908410\/","article_modified_time":"2025-02-28T11:11:19+00:00","og_image":[{"url":"https:\/\/deglazentoren.be\/particulieren\/wp-content\/uploads\/sites\/3\/2023\/12\/Cadeaubon-ter-heyde.jpg","type":"","width":"","height":""}],"twitter_card":"summary_large_image","twitter_misc":{"Geschatte leestijd":"1 minuut"},"schema":{"@context":"https:\/\/schema.org","@graph":[{"@type":"WebPage","@id":"https:\/\/deglazentoren.be\/particulieren\/fr\/cheque-cadeau\/","url":"https:\/\/deglazentoren.be\/particulieren\/fr\/cheque-cadeau\/","name":"Ch\u00e8que-cadeau | Ter Heyde \u00e0 Gooik","isPartOf":{"@id":"https:\/\/deglazentoren.be\/particulieren\/#website"},"primaryImageOfPage":{"@id":"https:\/\/deglazentoren.be\/particulieren\/fr\/cheque-cadeau\/#primaryimage"},"image":{"@id":"https:\/\/deglazentoren.be\/particulieren\/fr\/cheque-cadeau\/#primaryimage"},"thumbnailUrl":"https:\/\/deglazentoren.be\/particulieren\/wp-content\/uploads\/sites\/3\/2023\/12\/Cadeaubon-ter-heyde.jpg","datePublished":"2023-05-24T21:22:04+00:00","dateModified":"2025-02-28T11:11:19+00:00","description":"Faites plaisir \u00e0 vos amis et \u00e0 votre famille en offrant un ch\u00e8que-cadeau pour un brunch \u00e0 Ter Heyde. Cliquez ici et commandez-le facilement en ligne.","breadcrumb":{"@id":"https:\/\/deglazentoren.be\/particulieren\/fr\/cheque-cadeau\/#breadcrumb"},"inLanguage":"nl-NL","potentialAction":[{"@type":"ReadAction","target":["https:\/\/deglazentoren.be\/particulieren\/fr\/cheque-cadeau\/"]}]},{"@type":"ImageObject","inLanguage":"nl-NL","@id":"https:\/\/deglazentoren.be\/particulieren\/fr\/cheque-cadeau\/#primaryimage","url":"https:\/\/deglazentoren.be\/particulieren\/wp-content\/uploads\/sites\/3\/2023\/12\/Cadeaubon-ter-heyde.jpg","contentUrl":"https:\/\/deglazentoren.be\/particulieren\/wp-content\/uploads\/sites\/3\/2023\/12\/Cadeaubon-ter-heyde.jpg","width":1500,"height":1001},{"@type":"BreadcrumbList","@id":"https:\/\/deglazentoren.be\/particulieren\/fr\/cheque-cadeau\/#breadcrumb","itemListElement":[{"@type":"ListItem","position":1,"name":"Home","item":"https:\/\/deglazentoren.be\/particulieren\/"},{"@type":"ListItem","position":2,"name":"Ch\u00e8que-cadeau"}]},{"@type":"WebSite","@id":"https:\/\/deglazentoren.be\/particulieren\/#website","url":"https:\/\/deglazentoren.be\/particulieren\/","name":"De Glazen Toren Particulieren","description":"Een authentieke locatie voor je feest","publisher":{"@id":"https:\/\/deglazentoren.be\/particulieren\/#organization"},"potentialAction":[{"@type":"SearchAction","target":{"@type":"EntryPoint","urlTemplate":"https:\/\/deglazentoren.be\/particulieren\/?s={search_term_string}"},"query-input":{"@type":"PropertyValueSpecification","valueRequired":true,"valueName":"search_term_string"}}],"inLanguage":"nl-NL"},{"@type":"Organization","@id":"https:\/\/deglazentoren.be\/particulieren\/#organization","name":"De Glazen Toren","url":"https:\/\/deglazentoren.be\/particulieren\/","logo":{"@type":"ImageObject","inLanguage":"nl-NL","@id":"https:\/\/deglazentoren.be\/particulieren\/#\/schema\/logo\/image\/","url":"https:\/\/deglazentoren.be\/particulieren\/wp-content\/uploads\/sites\/3\/2025\/10\/Logo-De-Glazen-Toren.png","contentUrl":"https:\/\/deglazentoren.be\/particulieren\/wp-content\/uploads\/sites\/3\/2025\/10\/Logo-De-Glazen-Toren.png","width":573,"height":426,"caption":"De Glazen Toren"},"image":{"@id":"https:\/\/deglazentoren.be\/particulieren\/#\/schema\/logo\/image\/"},"sameAs":["https:\/\/www.facebook.com\/people\/Feestzaal-De-Glazen-Toren\/61579829908410\/","https:\/\/www.instagram.com\/feestzaaldeglazentoren\/\/#"]}]}},"_links":{"self":[{"href":"https:\/\/deglazentoren.be\/particulieren\/wp-json\/wp\/v2\/pages\/2229","targetHints":{"allow":["GET"]}}],"collection":[{"href":"https:\/\/deglazentoren.be\/particulieren\/wp-json\/wp\/v2\/pages"}],"about":[{"href":"https:\/\/deglazentoren.be\/particulieren\/wp-json\/wp\/v2\/types\/page"}],"author":[{"embeddable":true,"href":"https:\/\/deglazentoren.be\/particulieren\/wp-json\/wp\/v2\/users\/1"}],"replies":[{"embeddable":true,"href":"https:\/\/deglazentoren.be\/particulieren\/wp-json\/wp\/v2\/comments?post=2229"}],"version-history":[{"count":2,"href":"https:\/\/deglazentoren.be\/particulieren\/wp-json\/wp\/v2\/pages\/2229\/revisions"}],"predecessor-version":[{"id":2834,"href":"https:\/\/deglazentoren.be\/particulieren\/wp-json\/wp\/v2\/pages\/2229\/revisions\/2834"}],"wp:attachment":[{"href":"https:\/\/deglazentoren.be\/particulieren\/wp-json\/wp\/v2\/media?parent=2229"}],"curies":[{"name":"wp","href":"https:\/\/api.w.org\/{rel}","templated":true}]}}